{"id":613,"date":"2023-10-06T08:28:53","date_gmt":"2023-10-06T08:28:53","guid":{"rendered":"http:\/\/www.ribasdecampos.com\/?page_id=613"},"modified":"2023-10-14T09:47:03","modified_gmt":"2023-10-14T09:47:03","slug":"donde-estamos","status":"publish","type":"page","link":"https:\/\/www.ribasdecampos.com\/index.php\/donde-estamos\/","title":{"rendered":"\u00bfD\u00f3nde estamos?"},"content":{"rendered":"\n<p>Ribas de Campos se enmarca en la comarca natural de Tierra de Campos, a 19 km de la capital palentina y muy pr\u00f3xima a las localidades de Amusco, San Cebri\u00e1n y Monz\u00f3n de Campos. Se asienta en una encrucijada de aguas, pues sus riberas son ba\u00f1adas por diversos cauces, tanto naturales como artificiales, significado principalmente en los r\u00edos Carri\u00f3n y Ucieza, Canal de Castilla, la Retenci\u00f3n, la acequia de Palencia y otros peque\u00f1os arroyos que ofrecen fertilidad a su extensa campi\u00f1a.<\/p>\n\n\n\n<p>Ribas oferta una gran actividad festiva y cultural durante todo el a\u00f1o. Destaca la celebraci\u00f3n de las Santas Reliquias, cada 4 de julio se conmemora uno de los secretos mejor guardados de la localidad: las santas reliquias de San Mart\u00edn de Tours, San Lorenzo y San Blas. La historia de Ribas de Campos es intensa, son numerosos los puntos de inter\u00e9s que el t\u00e9rmino municipal ofrece: el Canal de Castilla, conserva interesantes infraestructuras hidr\u00e1ulicas, el templo de San Mart\u00edn de Tours o el monasterio de Santa Cruz de la Zarza, vivo ejemplo de edificio de transici\u00f3n rom\u00e1nica g\u00f3tica, son algunos de los m\u00e1s relevantes.<\/p>\n\n\n\n<p>San Mart\u00edn de Tours se ubica en el centro del pueblo. Es un gran edificio cuyo interior deja un buen ramillete de joyas patrimoniales de inter\u00e9s. Se convierte en el epicentro de los monumentos de la localidad. Al norte, el Canal de Castilla con su soberbia la triple esclusa. La esclusa de retenci\u00f3n, de camino al lugar donde se asienta el puente m\u00e1s antiguo del Canal de Castilla: Valdemudo, la confluencia con el r\u00edo Carri\u00f3n o la Laguna de la Toja, por citar algunas, son algunas de las infraestructuras m\u00e1s destacadas de este r\u00edo artificial de aguas mansas. Al sur, el monasterio de Santa Cruz de la Zarza se ha convertido en el mejor ejemplo del inter\u00e9s de sus vecinos por recuperar el patrimonio. Traspasar la puerta de su espectacular sala capitular rom\u00e1nica es una aut\u00e9ntica sensaci\u00f3n de transportaci\u00f3n a los tiempos del medievo.<\/p>\n\n\n\n<h3 class=\"wp-block-heading\">Mancomunidades<\/h3>\n\n\n\n<ul class=\"wp-block-list\">\n<li>Campos Zona Norte del Canal de Castilla<\/li>\n\n\n\n<li>De Villas del Bajo Carri\u00f3n y Ucieza<\/li>\n<\/ul>\n\n\n\n<ul class=\"wp-block-list\">\n<li><strong>Partido Judicial<\/strong>: Astudillo<\/li>\n\n\n\n<li><strong>Superficie:<\/strong>&nbsp;15,49 Ha.<\/li>\n\n\n\n<li><strong>Distancia a capital:<\/strong>&nbsp;19 Km<\/li>\n\n\n\n<li><strong>Total Habitantes:<\/strong>&nbsp;147 actualizado a&nbsp;01\/01\/2023<\/li>\n\n\n\n<li><strong>Gentilicio:<\/strong>&nbsp;Ribere\u00f1os<\/li>\n<\/ul>\n\n\n\n<p><strong>Ribas de Campos<\/strong> ocupa una especie de terraza asomada al valle del r\u00edo Carri\u00f3n y delimitada al sur por la Acequia de Palencia que se encuentra 10 \u00f3 12 metros por debajo del caser\u00edo. Todo el valle y parte de la terraza sobre la que se asienta el n\u00facleo son zonas&nbsp; mayoritariamente llanas, tambi\u00e9n el espacio que ocupa el caser\u00edo y est\u00e1n ocupadas por terrenos regables, recorridos por el r\u00edo Ucieza, el canal de Castilla, el canal de Retenci\u00f3n, la acequia de Palencia, y otras peque\u00f1as acequias. Junto al Carri\u00f3n, a menos de un kil\u00f3metro del pueblo se dispone una banda de vegetaci\u00f3n de ribera, compuesta en su mayor\u00eda por bosque de frondosas. El n\u00facleo se dispone tangente por el sur a la carretera que desde la CN-611, en las cercan\u00edas de Monz\u00f3n de Campos se dirige hacia San Cebri\u00e1n, al norte.<\/p>\n\n\n\n<iframe src=\"https:\/\/www.google.com\/maps\/embed?pb=!1m14!1m8!1m3!1d5915.734170810193!2d-4.515531!3d42.153131!3m2!1i1024!2i768!4f13.1!3m3!1m2!1s0xd47c9d1507b9801%3A0x603c9527e2057fb0!2s34411%20Ribas%20de%20Campos%2C%20Palencia!5e0!3m2!1ses!2ses!4v1696580847164!5m2!1ses!2ses\" width=\"600\" height=\"450\" style=\"border:0;\" allowfullscreen=\"\" loading=\"lazy\" referrerpolicy=\"no-referrer-when-downgrade\"><\/iframe>\n","protected":false},"excerpt":{"rendered":"<p>Ribas de Campos se enmarca en la comarca natural de Tierra de Campos, a 19 km de la capital palentina y muy pr\u00f3xima a las localidades de Amusco, San Cebri\u00e1n y Monz\u00f3n de Campos. Se asienta en una encrucijada de aguas, pues sus riberas son ba\u00f1adas por diversos cauces, tanto naturales como artificiales, significado principalmente [&hellip;]<\/p>\n","protected":false},"author":1,"featured_media":0,"parent":0,"menu_order":0,"comment_status":"closed","ping_status":"closed","template":"","meta":{"footnotes":""},"class_list":["post-613","page","type-page","status-publish","hentry"],"_links":{"self":[{"href":"https:\/\/www.ribasdecampos.com\/index.php\/wp-json\/wp\/v2\/pages\/613","targetHints":{"allow":["GET"]}}],"collection":[{"href":"https:\/\/www.ribasdecampos.com\/index.php\/wp-json\/wp\/v2\/pages"}],"about":[{"href":"https:\/\/www.ribasdecampos.com\/index.php\/wp-json\/wp\/v2\/types\/page"}],"author":[{"embeddable":true,"href":"https:\/\/www.ribasdecampos.com\/index.php\/wp-json\/wp\/v2\/users\/1"}],"replies":[{"embeddable":true,"href":"https:\/\/www.ribasdecampos.com\/index.php\/wp-json\/wp\/v2\/comments?post=613"}],"version-history":[{"count":5,"href":"https:\/\/www.ribasdecampos.com\/index.php\/wp-json\/wp\/v2\/pages\/613\/revisions"}],"predecessor-version":[{"id":769,"href":"https:\/\/www.ribasdecampos.com\/index.php\/wp-json\/wp\/v2\/pages\/613\/revisions\/769"}],"wp:attachment":[{"href":"https:\/\/www.ribasdecampos.com\/index.php\/wp-json\/wp\/v2\/media?parent=613"}],"curies":[{"name":"wp","href":"https:\/\/api.w.org\/{rel}","templated":true}]}}