{"id":719,"date":"2023-10-06T16:03:53","date_gmt":"2023-10-06T16:03:53","guid":{"rendered":"https:\/\/www.ribasdecampos.com\/?page_id=719"},"modified":"2023-10-06T16:07:44","modified_gmt":"2023-10-06T16:07:44","slug":"san-martin-de-tours","status":"publish","type":"page","link":"https:\/\/www.ribasdecampos.com\/index.php\/san-martin-de-tours\/","title":{"rendered":"San Mart\u00edn de Tours"},"content":{"rendered":"\n<p>La iglesia Parroquial de San Mart\u00edn de Tours se emplaza en el centro de la localidad, en la Plaza y Calle Mayor de la localidad. Su edificaci\u00f3n se remonta al siglo XIII, ampliamente reformada en el siglo XIV. Como gran parte de las iglesias de la comarca de Campos, San Mart\u00edn de Tours es de considerables dimensiones, se configura en \u00fanica nave de arcos apuntados y b\u00f3veda de crucer\u00eda. Su torre campanario mira al poniente, se alza sobre el templo en tres consistentes cuerpos de buena siller\u00eda.<\/p>\n\n\n\n<p>El p\u00f3rtico de entrada se abre en el lado meridional, interesantes son las arquivoltas g\u00f3ticas que ornamentan el p\u00f3rtico. El interior es una sorprendente explosi\u00f3n art\u00edstica de excelente calidad y valor patrimonial, destaca un retablo rococ\u00f3 del segundo tercio del siglo XVIII, con relieves dedicados a San Jos\u00e9, el Anuncio del \u00c1ngel, los Desposorios con la Virgen y su propia muerte. Otro de los retablos del templo alberga esculturas de San Blas y un escudo del Duque de Arcos en el \u00e1tico, el conjunto data del siglo XVI. El lado de la Ep\u00edstola luce retablo barroco con im\u00e1genes de San Antonio de Padua, San Jos\u00e9, Santa B\u00e1rbara y la Inmaculada, todas las im\u00e1genes son del segundo tercio del siglo XVII. En una capilla del lado de Ep\u00edstola, se guarda una pintura de San Francisco reconfortado por un \u00c1ngel, del segundo tercio del Siglo XVII, una escultura de Cristo crucificado del siglo XVII, una Dolorosa del XVIII y un Cristo de marfil del XVIII.<\/p>\n\n\n\n<p>El retablo mayor es obra del segundo tercio del siglo XVIII con buenas esculturas de San Lorenzo, Ap\u00f3stol Santiago y San Mart\u00edn con el pobre. Un Cristo g\u00f3tico del siglo XIV encumbra el \u00e1tico. El tabern\u00e1culo es obra del \u00faltimo cuarto del siglo XVI. Son tambi\u00e9n de gran inter\u00e9s el bello p\u00falpito del siglo XVII, la pila bautismal enmarcada en un florido g\u00f3tico del XIV, las Santas Reliquias y sin duda el tradicional \u00f3rgano barroco, muy com\u00fan en estas tierras de campos palentinas.<\/p>\n\n\n\n<figure class=\"wp-block-image size-large\"><img loading=\"lazy\" decoding=\"async\" width=\"1024\" height=\"778\" src=\"https:\/\/www.ribasdecampos.com\/wp-content\/uploads\/2023\/10\/sanmartiniglesia-1024x778.jpg\" alt=\"\" class=\"wp-image-736\" srcset=\"https:\/\/www.ribasdecampos.com\/wp-content\/uploads\/2023\/10\/sanmartiniglesia-1024x778.jpg 1024w, https:\/\/www.ribasdecampos.com\/wp-content\/uploads\/2023\/10\/sanmartiniglesia-300x228.jpg 300w, https:\/\/www.ribasdecampos.com\/wp-content\/uploads\/2023\/10\/sanmartiniglesia-768x584.jpg 768w, https:\/\/www.ribasdecampos.com\/wp-content\/uploads\/2023\/10\/sanmartiniglesia-1536x1167.jpg 1536w, https:\/\/www.ribasdecampos.com\/wp-content\/uploads\/2023\/10\/sanmartiniglesia-2048x1557.jpg 2048w\" sizes=\"auto, (max-width: 1024px) 100vw, 1024px\" \/><\/figure>\n","protected":false},"excerpt":{"rendered":"<p>La iglesia Parroquial de San Mart\u00edn de Tours se emplaza en el centro de la localidad, en la Plaza y Calle Mayor de la localidad. Su edificaci\u00f3n se remonta al siglo XIII, ampliamente reformada en el siglo XIV. Como gran parte de las iglesias de la comarca de Campos, San Mart\u00edn de Tours es de [&hellip;]<\/p>\n","protected":false},"author":1,"featured_media":0,"parent":0,"menu_order":0,"comment_status":"closed","ping_status":"closed","template":"","meta":{"footnotes":""},"class_list":["post-719","page","type-page","status-publish","hentry"],"_links":{"self":[{"href":"https:\/\/www.ribasdecampos.com\/index.php\/wp-json\/wp\/v2\/pages\/719","targetHints":{"allow":["GET"]}}],"collection":[{"href":"https:\/\/www.ribasdecampos.com\/index.php\/wp-json\/wp\/v2\/pages"}],"about":[{"href":"https:\/\/www.ribasdecampos.com\/index.php\/wp-json\/wp\/v2\/types\/page"}],"author":[{"embeddable":true,"href":"https:\/\/www.ribasdecampos.com\/index.php\/wp-json\/wp\/v2\/users\/1"}],"replies":[{"embeddable":true,"href":"https:\/\/www.ribasdecampos.com\/index.php\/wp-json\/wp\/v2\/comments?post=719"}],"version-history":[{"count":2,"href":"https:\/\/www.ribasdecampos.com\/index.php\/wp-json\/wp\/v2\/pages\/719\/revisions"}],"predecessor-version":[{"id":737,"href":"https:\/\/www.ribasdecampos.com\/index.php\/wp-json\/wp\/v2\/pages\/719\/revisions\/737"}],"wp:attachment":[{"href":"https:\/\/www.ribasdecampos.com\/index.php\/wp-json\/wp\/v2\/media?parent=719"}],"curies":[{"name":"wp","href":"https:\/\/api.w.org\/{rel}","templated":true}]}}